{"id":9,"date":"2021-02-23T10:04:36","date_gmt":"2021-02-23T10:04:36","guid":{"rendered":"https:\/\/localhost\/happycamper\/about-us\/"},"modified":"2024-03-24T16:11:39","modified_gmt":"2024-03-24T15:11:39","slug":"about-us","status":"publish","type":"page","link":"https:\/\/californiacamper.cat\/es\/about-us\/","title":{"rendered":"Sobre nosotros"},"content":{"rendered":"<div data-elementor-type=\"wp-page\" data-elementor-id=\"9\" class=\"elementor elementor-9\">\n\t\t\t\t<div class=\"elementor-element elementor-element-cfd4cfe e-flex e-con-boxed e-con e-parent\" data-id=\"cfd4cfe\" data-element_type=\"container\" data-e-type=\"container\" data-settings=\"{&quot;background_background&quot;:&quot;classic&quot;}\">\n\t\t\t\t\t<div class=\"e-con-inner\">\n\t\t<div class=\"elementor-element elementor-element-4594d91 e-con-full e-flex e-con e-child\" data-id=\"4594d91\" data-element_type=\"container\" data-e-type=\"container\">\n\t\t<div class=\"elementor-element elementor-element-ebc0b8c e-con-full e-flex e-con e-child\" data-id=\"ebc0b8c\" data-element_type=\"container\" data-e-type=\"container\">\n\t\t<div class=\"elementor-element elementor-element-b672023 e-con-full e-flex e-con e-child\" data-id=\"b672023\" data-element_type=\"container\" data-e-type=\"container\">\n\t\t\t\t<div class=\"elementor-element elementor-element-51b1702 elementor-widget elementor-widget-heading\" data-id=\"51b1702\" data-element_type=\"widget\" data-e-type=\"widget\" data-widget_type=\"heading.default\">\n\t\t\t\t<div class=\"elementor-widget-container\">\n\t\t\t\t\t<h2 class=\"elementor-heading-title elementor-size-default\">Sobre nosotros<\/h2>\t\t\t\t<\/div>\n\t\t\t\t<\/div>\n\t\t\t\t<\/div>\n\t\t\t\t<\/div>\n\t\t\t\t<\/div>\n\t\t\t\t\t<\/div>\n\t\t\t\t<\/div>\n\t\t<div class=\"elementor-element elementor-element-24cab69 e-flex e-con-boxed e-con e-parent\" data-id=\"24cab69\" data-element_type=\"container\" data-e-type=\"container\" data-settings=\"{&quot;background_background&quot;:&quot;classic&quot;}\">\n\t\t\t\t\t<div class=\"e-con-inner\">\n\t\t<div class=\"elementor-element elementor-element-80bc527 e-con-full e-flex e-con e-child\" data-id=\"80bc527\" data-element_type=\"container\" data-e-type=\"container\">\n\t\t\t\t<div class=\"elementor-element elementor-element-dce2def elementor-widget elementor-widget-text-editor\" data-id=\"dce2def\" data-element_type=\"widget\" data-e-type=\"widget\" data-widget_type=\"text-editor.default\">\n\t\t\t\t<div class=\"elementor-widget-container\">\n\t\t\t\t\t\t\t\t\t<p>California Camper nace de la uni\u00f3n entre dos amigos apasionados de los coches y de la naturaleza. Nos conocemos desde hace diez a\u00f1os y, durante este tiempo, hemos vivido muchas aventuras en las que nos hubiese gustado tener una camper.<br \/><br \/>David disfruta yendo de camping con su familia y es un amante de los rallies y circuitos. Desde hace unos a\u00f1os compite a escala profesional y el coche que utilizaba para llevar el remolque se le ha quedado peque\u00f1o. Tener un veh\u00edculo donde poder llevarlo todo e ir con la familia es la clave para poder seguir disfrutando de sus hobbies en la mejor compa\u00f1\u00eda y con m\u00e1s comodidades y facilidades.<br \/><br \/>Por otro lado, Anton hace salidas a la monta\u00f1a en solitario y con su pareja, con quien ha recorrido muchos pueblos y parajes de la pen\u00ednsula en los \u00faltimos a\u00f1os. Disponer de una casa sobre ruedas es la manera de hacer estas escapadas expr\u00e9s durante el a\u00f1o y aprovechar y disfrutar al m\u00e1ximo del tiempo libre.<br \/><br \/>Somos peque\u00f1os y nos lo hacemos todo nosotros; las campers siempre estar\u00e1n revisadas en nuestro taller. Nuestro objetivo es ofrecerte la mejor experiencia posible y que tu viaje no sea solo eso, un viaje, sino que queremos que sea una aventura, una experiencia que recuerdes durante muchos a\u00f1os. Por eso, si necesitas ayuda con el itinerario, estaremos encantados de ayudarte a planificar el viaje.<\/p>\t\t\t\t\t\t\t\t<\/div>\n\t\t\t\t<\/div>\n\t\t\t\t<\/div>\n\t\t\t\t\t<\/div>\n\t\t\t\t<\/div>\n\t\t<div class=\"elementor-element elementor-element-51a3bf1 e-flex e-con-boxed e-con e-parent\" data-id=\"51a3bf1\" data-element_type=\"container\" data-e-type=\"container\" data-settings=\"{&quot;background_background&quot;:&quot;classic&quot;}\">\n\t\t\t\t\t<div class=\"e-con-inner\">\n\t\t<div class=\"elementor-element elementor-element-77d7b3b e-con-full e-flex e-con e-child\" data-id=\"77d7b3b\" data-element_type=\"container\" data-e-type=\"container\">\n\t\t<div class=\"elementor-element elementor-element-c53bf4f e-con-full e-flex e-con e-child\" data-id=\"c53bf4f\" data-element_type=\"container\" data-e-type=\"container\">\n\t\t<div class=\"elementor-element elementor-element-a580342 e-con-full e-flex e-con e-child\" data-id=\"a580342\" data-element_type=\"container\" data-e-type=\"container\">\n\t\t\t\t<div class=\"elementor-element elementor-element-306004a elementor-widget elementor-widget-heading\" data-id=\"306004a\" data-element_type=\"widget\" data-e-type=\"widget\" data-widget_type=\"heading.default\">\n\t\t\t\t<div class=\"elementor-widget-container\">\n\t\t\t\t\t<h2 class=\"elementor-heading-title elementor-size-default\">Disfruta viajando<\/h2>\t\t\t\t<\/div>\n\t\t\t\t<\/div>\n\t\t\t\t<\/div>\n\t\t\t\t<\/div>\n\t\t<div class=\"elementor-element elementor-element-9b44b81 e-con-full e-flex e-con e-child\" data-id=\"9b44b81\" data-element_type=\"container\" data-e-type=\"container\">\n\t\t<div class=\"elementor-element elementor-element-95000a7 e-con-full e-flex e-con e-child\" data-id=\"95000a7\" data-element_type=\"container\" data-e-type=\"container\">\n\t\t\t\t<div class=\"elementor-element elementor-element-54db8cb elementor-mobile-align-center elementor-align-center elementor-widget elementor-widget-button\" data-id=\"54db8cb\" data-element_type=\"widget\" data-e-type=\"widget\" data-widget_type=\"button.default\">\n\t\t\t\t<div class=\"elementor-widget-container\">\n\t\t\t\t\t\t\t\t\t<div class=\"elementor-button-wrapper\">\n\t\t\t\t\t<a class=\"elementor-button elementor-button-link elementor-size-sm\" href=\"#\">\n\t\t\t\t\t\t<span class=\"elementor-button-content-wrapper\">\n\t\t\t\t\t\t\t\t\t<span class=\"elementor-button-text\">Reservar<\/span>\n\t\t\t\t\t<\/span>\n\t\t\t\t\t<\/a>\n\t\t\t\t<\/div>\n\t\t\t\t\t\t\t\t<\/div>\n\t\t\t\t<\/div>\n\t\t\t\t<\/div>\n\t\t\t\t<\/div>\n\t\t\t\t<\/div>\n\t\t\t\t\t<\/div>\n\t\t\t\t<\/div>\n\t\t\t\t<\/div>","protected":false},"excerpt":{"rendered":"<p>Sobre nosaltres California Camper neix d&#8217;una uni\u00f3 entre dos amics apassionats dels cotxes i de la natura. Ens coneixem des de fa deu anys i durant aquests temps hem viscut moltes aventures on ens hagu\u00e9s agradat tenir una camper. En David gaudeix anant de c\u00e0mping amb la seva fam\u00edlia i \u00e9s un amant dels ral\u00b7lis [&hellip;]<\/p>\n","protected":false},"author":1,"featured_media":0,"parent":0,"menu_order":0,"comment_status":"closed","ping_status":"closed","template":"","meta":{"site-sidebar-layout":"no-sidebar","site-content-layout":"page-builder","ast-site-content-layout":"","site-content-style":"default","site-sidebar-style":"default","ast-global-header-display":"","ast-banner-title-visibility":"","ast-main-header-display":"","ast-hfb-above-header-display":"","ast-hfb-below-header-display":"","ast-hfb-mobile-header-display":"","site-post-title":"disabled","ast-breadcrumbs-content":"disabled","ast-featured-img":"disabled","footer-sml-layout":"","theme-transparent-header-meta":"enabled","adv-header-id-meta":"","stick-header-meta":"","header-above-stick-meta":"","header-main-stick-meta":"","header-below-stick-meta":"","astra-migrate-meta-layouts":"default","ast-page-background-enabled":"default","ast-page-background-meta":{"desktop":{"background-color":"","background-image":"","background-repeat":"repeat","background-position":"center center","background-size":"auto","background-attachment":"scroll","background-type":"","background-media":"","overlay-type":"","overlay-color":"","overlay-opacity":"","overlay-gradient":""},"tablet":{"background-color":"","background-image":"","background-repeat":"repeat","background-position":"center center","background-size":"auto","background-attachment":"scroll","background-type":"","background-media":"","overlay-type":"","overlay-color":"","overlay-opacity":"","overlay-gradient":""},"mobile":{"background-color":"","background-image":"","background-repeat":"repeat","background-position":"center center","background-size":"auto","background-attachment":"scroll","background-type":"","background-media":"","overlay-type":"","overlay-color":"","overlay-opacity":"","overlay-gradient":""}},"ast-content-background-meta":{"desktop":{"background-color":"var(--ast-global-color-5)","background-image":"","background-repeat":"repeat","background-position":"center center","background-size":"auto","background-attachment":"scroll","background-type":"","background-media":"","overlay-type":"","overlay-color":"","overlay-opacity":"","overlay-gradient":""},"tablet":{"background-color":"var(--ast-global-color-5)","background-image":"","background-repeat":"repeat","background-position":"center center","background-size":"auto","background-attachment":"scroll","background-type":"","background-media":"","overlay-type":"","overlay-color":"","overlay-opacity":"","overlay-gradient":""},"mobile":{"background-color":"var(--ast-global-color-5)","background-image":"","background-repeat":"repeat","background-position":"center center","background-size":"auto","background-attachment":"scroll","background-type":"","background-media":"","overlay-type":"","overlay-color":"","overlay-opacity":"","overlay-gradient":""}},"footnotes":""},"class_list":["post-9","page","type-page","status-publish","hentry"],"yoast_head":"<!-- This site is optimized with the Yoast SEO plugin v26.9 - https:\/\/yoast.com\/product\/yoast-seo-wordpress\/ -->\n<title>Sobre nosotros - California Camper | Lloguer de furgonetes camper<\/title>\n<meta name=\"robots\" content=\"index, follow, max-snippet:-1, max-image-preview:large, max-video-preview:-1\" \/>\n<link rel=\"canonical\" href=\"https:\/\/californiacamper.cat\/es\/about-us\/\" \/>\n<meta property=\"og:locale\" content=\"es_ES\" \/>\n<meta property=\"og:type\" content=\"article\" \/>\n<meta property=\"og:title\" content=\"Sobre nosotros - California Camper | Lloguer de furgonetes camper\" \/>\n<meta property=\"og:description\" content=\"Sobre nosaltres California Camper neix d&#8217;una uni\u00f3 entre dos amics apassionats dels cotxes i de la natura. Ens coneixem des de fa deu anys i durant aquests temps hem viscut moltes aventures on ens hagu\u00e9s agradat tenir una camper. En David gaudeix anant de c\u00e0mping amb la seva fam\u00edlia i \u00e9s un amant dels ral\u00b7lis [&hellip;]\" \/>\n<meta property=\"og:url\" content=\"https:\/\/californiacamper.cat\/es\/about-us\/\" \/>\n<meta property=\"og:site_name\" content=\"California Camper | Lloguer de furgonetes camper\" \/>\n<meta property=\"article:modified_time\" content=\"2024-03-24T15:11:39+00:00\" \/>\n<meta name=\"twitter:card\" content=\"summary_large_image\" \/>\n<meta name=\"twitter:label1\" content=\"Tiempo de lectura\" \/>\n\t<meta name=\"twitter:data1\" content=\"2 minutos\" \/>\n<script type=\"application\/ld+json\" class=\"yoast-schema-graph\">{\"@context\":\"https:\/\/schema.org\",\"@graph\":[{\"@type\":\"WebPage\",\"@id\":\"https:\/\/californiacamper.cat\/about-us\/\",\"url\":\"https:\/\/californiacamper.cat\/about-us\/\",\"name\":\"Sobre nosotros - California Camper | Lloguer de furgonetes camper\",\"isPartOf\":{\"@id\":\"https:\/\/californiacamper.cat\/#website\"},\"datePublished\":\"2021-02-23T10:04:36+00:00\",\"dateModified\":\"2024-03-24T15:11:39+00:00\",\"breadcrumb\":{\"@id\":\"https:\/\/californiacamper.cat\/about-us\/#breadcrumb\"},\"inLanguage\":\"es\",\"potentialAction\":[{\"@type\":\"ReadAction\",\"target\":[\"https:\/\/californiacamper.cat\/about-us\/\"]}]},{\"@type\":\"BreadcrumbList\",\"@id\":\"https:\/\/californiacamper.cat\/about-us\/#breadcrumb\",\"itemListElement\":[{\"@type\":\"ListItem\",\"position\":1,\"name\":\"Home\",\"item\":\"https:\/\/californiacamper.cat\/\"},{\"@type\":\"ListItem\",\"position\":2,\"name\":\"Sobre nosotros\"}]},{\"@type\":\"WebSite\",\"@id\":\"https:\/\/californiacamper.cat\/#website\",\"url\":\"https:\/\/californiacamper.cat\/\",\"name\":\"California Camper | Lloguer de furgonetes camper\",\"description\":\"El teu company d&#039;aventures\",\"publisher\":{\"@id\":\"https:\/\/californiacamper.cat\/#organization\"},\"potentialAction\":[{\"@type\":\"SearchAction\",\"target\":{\"@type\":\"EntryPoint\",\"urlTemplate\":\"https:\/\/californiacamper.cat\/?s={search_term_string}\"},\"query-input\":{\"@type\":\"PropertyValueSpecification\",\"valueRequired\":true,\"valueName\":\"search_term_string\"}}],\"inLanguage\":\"es\"},{\"@type\":\"Organization\",\"@id\":\"https:\/\/californiacamper.cat\/#organization\",\"name\":\"California Camper | Lloguer de furgonetes camper\",\"url\":\"https:\/\/californiacamper.cat\/\",\"logo\":{\"@type\":\"ImageObject\",\"inLanguage\":\"es\",\"@id\":\"https:\/\/californiacamper.cat\/#\/schema\/logo\/image\/\",\"url\":\"https:\/\/californiacamper.cat\/wp-content\/uploads\/2024\/02\/cropped-cropped-Logo-CC-Blanc-SL-150x150-1.png\",\"contentUrl\":\"https:\/\/californiacamper.cat\/wp-content\/uploads\/2024\/02\/cropped-cropped-Logo-CC-Blanc-SL-150x150-1.png\",\"width\":128,\"height\":132,\"caption\":\"California Camper | Lloguer de furgonetes camper\"},\"image\":{\"@id\":\"https:\/\/californiacamper.cat\/#\/schema\/logo\/image\/\"}}]}<\/script>\n<!-- \/ Yoast SEO plugin. -->","yoast_head_json":{"title":"Sobre nosotros - California Camper | Lloguer de furgonetes camper","robots":{"index":"index","follow":"follow","max-snippet":"max-snippet:-1","max-image-preview":"max-image-preview:large","max-video-preview":"max-video-preview:-1"},"canonical":"https:\/\/californiacamper.cat\/es\/about-us\/","og_locale":"es_ES","og_type":"article","og_title":"Sobre nosotros - California Camper | Lloguer de furgonetes camper","og_description":"Sobre nosaltres California Camper neix d&#8217;una uni\u00f3 entre dos amics apassionats dels cotxes i de la natura. Ens coneixem des de fa deu anys i durant aquests temps hem viscut moltes aventures on ens hagu\u00e9s agradat tenir una camper. En David gaudeix anant de c\u00e0mping amb la seva fam\u00edlia i \u00e9s un amant dels ral\u00b7lis [&hellip;]","og_url":"https:\/\/californiacamper.cat\/es\/about-us\/","og_site_name":"California Camper | Lloguer de furgonetes camper","article_modified_time":"2024-03-24T15:11:39+00:00","twitter_card":"summary_large_image","twitter_misc":{"Tiempo de lectura":"2 minutos"},"schema":{"@context":"https:\/\/schema.org","@graph":[{"@type":"WebPage","@id":"https:\/\/californiacamper.cat\/about-us\/","url":"https:\/\/californiacamper.cat\/about-us\/","name":"Sobre nosotros - California Camper | Lloguer de furgonetes camper","isPartOf":{"@id":"https:\/\/californiacamper.cat\/#website"},"datePublished":"2021-02-23T10:04:36+00:00","dateModified":"2024-03-24T15:11:39+00:00","breadcrumb":{"@id":"https:\/\/californiacamper.cat\/about-us\/#breadcrumb"},"inLanguage":"es","potentialAction":[{"@type":"ReadAction","target":["https:\/\/californiacamper.cat\/about-us\/"]}]},{"@type":"BreadcrumbList","@id":"https:\/\/californiacamper.cat\/about-us\/#breadcrumb","itemListElement":[{"@type":"ListItem","position":1,"name":"Home","item":"https:\/\/californiacamper.cat\/"},{"@type":"ListItem","position":2,"name":"Sobre nosotros"}]},{"@type":"WebSite","@id":"https:\/\/californiacamper.cat\/#website","url":"https:\/\/californiacamper.cat\/","name":"California Camper | Lloguer de furgonetes camper","description":"El teu company d&#039;aventures","publisher":{"@id":"https:\/\/californiacamper.cat\/#organization"},"potentialAction":[{"@type":"SearchAction","target":{"@type":"EntryPoint","urlTemplate":"https:\/\/californiacamper.cat\/?s={search_term_string}"},"query-input":{"@type":"PropertyValueSpecification","valueRequired":true,"valueName":"search_term_string"}}],"inLanguage":"es"},{"@type":"Organization","@id":"https:\/\/californiacamper.cat\/#organization","name":"California Camper | Lloguer de furgonetes camper","url":"https:\/\/californiacamper.cat\/","logo":{"@type":"ImageObject","inLanguage":"es","@id":"https:\/\/californiacamper.cat\/#\/schema\/logo\/image\/","url":"https:\/\/californiacamper.cat\/wp-content\/uploads\/2024\/02\/cropped-cropped-Logo-CC-Blanc-SL-150x150-1.png","contentUrl":"https:\/\/californiacamper.cat\/wp-content\/uploads\/2024\/02\/cropped-cropped-Logo-CC-Blanc-SL-150x150-1.png","width":128,"height":132,"caption":"California Camper | Lloguer de furgonetes camper"},"image":{"@id":"https:\/\/californiacamper.cat\/#\/schema\/logo\/image\/"}}]}},"_links":{"self":[{"href":"https:\/\/californiacamper.cat\/es\/wp-json\/wp\/v2\/pages\/9","targetHints":{"allow":["GET"]}}],"collection":[{"href":"https:\/\/californiacamper.cat\/es\/wp-json\/wp\/v2\/pages"}],"about":[{"href":"https:\/\/californiacamper.cat\/es\/wp-json\/wp\/v2\/types\/page"}],"author":[{"embeddable":true,"href":"https:\/\/californiacamper.cat\/es\/wp-json\/wp\/v2\/users\/1"}],"replies":[{"embeddable":true,"href":"https:\/\/californiacamper.cat\/es\/wp-json\/wp\/v2\/comments?post=9"}],"version-history":[{"count":36,"href":"https:\/\/californiacamper.cat\/es\/wp-json\/wp\/v2\/pages\/9\/revisions"}],"predecessor-version":[{"id":1519,"href":"https:\/\/californiacamper.cat\/es\/wp-json\/wp\/v2\/pages\/9\/revisions\/1519"}],"wp:attachment":[{"href":"https:\/\/californiacamper.cat\/es\/wp-json\/wp\/v2\/media?parent=9"}],"curies":[{"name":"wp","href":"https:\/\/api.w.org\/{rel}","templated":true}]}}