{"id":1723,"date":"2024-07-21T19:41:01","date_gmt":"2024-07-21T17:41:01","guid":{"rendered":"https:\/\/californiacamper.cat\/?page_id=1723"},"modified":"2024-07-21T19:57:38","modified_gmt":"2024-07-21T17:57:38","slug":"politica-de-privadesa","status":"publish","type":"page","link":"https:\/\/californiacamper.cat\/es\/politica-de-privadesa\/","title":{"rendered":"Pol\u00edtica de privacidad"},"content":{"rendered":"<div data-elementor-type=\"wp-page\" data-elementor-id=\"1723\" class=\"elementor elementor-1723\">\n\t\t\t\t<div class=\"elementor-element elementor-element-6c05b6ce e-flex e-con-boxed e-con e-parent\" data-id=\"6c05b6ce\" data-element_type=\"container\" data-e-type=\"container\">\n\t\t\t\t\t<div class=\"e-con-inner\">\n\t\t\t\t<div class=\"elementor-element elementor-element-3055e9d4 elementor-widget elementor-widget-text-editor\" data-id=\"3055e9d4\" data-element_type=\"widget\" data-e-type=\"widget\" data-widget_type=\"text-editor.default\">\n\t\t\t\t<div class=\"elementor-widget-container\">\n\t\t\t\t\t\t\t\t\t\n<h2 class=\"wp-block-heading\"><span style=\"color: #ffcc00;\">Qui\u00e9nes somos<\/span><\/h2>\n\n<p>La nostra adre\u00e7a web \u00e9s: https:\/\/californiacamper.cat.<\/p>\n\n<h2 class=\"wp-block-heading\"><span style=\"color: #ffcc00;\">Comentaris<\/span><\/h2>\n\n<p>Quan els visitants deixen comentaris a la web, recollim les dades que es mostren al formulari de contacte, aix\u00ed com l&#8217;adre\u00e7a IP del visitant i la cadena de l&#8217;agent de l&#8217;usuari del navegador per ajudar a la detecci\u00f3 de missatges brossa.<\/p>\n\n<p>\u00a0<\/p>\n\n<h2 class=\"wp-block-heading\"><span style=\"color: #ffcc00;\">M\u00e8dia<\/span><\/h2>\n\n<p>Si pugeu imatges al lloc web, heu d&#8217;evitar pujar imatges que incloguin dades de geolocalitzaci\u00f3 (EXIF GPS) incrustades. Els visitants del lloc web poden baixar i extreure qualsevol informaci\u00f3 de les imatges de la web.<\/p>\n\n<h2 class=\"wp-block-heading\"><span style=\"color: #ffcc00;\">Cookies<\/span><\/h2>\n\n<p>Si deixeu un comentari en el lloc web, podeu optar per desar el nom, l&#8217;adre\u00e7a electr\u00f2nica i el lloc web en les galetes. Aix\u00f2 \u00e9s per la vostra comoditat perqu\u00e8 no h\u00e0giu d&#8217;emplenar les dades de nou quan feu un altre comentari. Aquestes galetes duraran un any.<\/p>\n\n<p>Si teniu un compte i inicieu sessi\u00f3 en aquest lloc web, es definir\u00e0 una galeta temporal per determinar si el navegador accepta galetes. Aquesta galeta no cont\u00e9 dades personals i es descartar\u00e0 quan tanqueu el navegador.<\/p>\n\n<p>Quan inicieu sessi\u00f3, tamb\u00e9 es configuraran diverses galetes per desar la informaci\u00f3 d&#8217;inici de sessi\u00f3 i les opcions de visualitzaci\u00f3 de la pantalla. Les galeres d&#8217;inici de sessi\u00f3 duren dos dies, i les galetes de les opcions de pantalla duren un any. Si seleccioneu &#8220;Recordeu-me&#8221;, l&#8217;inici de sessi\u00f3 persistir\u00e0 durant dues setmanes. Si finalitzeu la sessi\u00f3, les galetes d&#8217;inici de sessi\u00f3 seran suprimides.<\/p>\n\n<p>Si editeu o publiqueu un article, una galeta addicional es desar\u00e0 al navegador. Aquesta galeta no inclou dades personals i simplement indica l&#8217;identificador de l&#8217;entrada que acabeu d&#8217;editar. Caduca despr\u00e9s d&#8217;1 dia.<\/p>\n\n<h2 class=\"wp-block-heading\"><span style=\"color: #ffcc00;\">Contingut incrustat d&#8217;altres llocs web<\/span><\/h2>\n\n<p>Els articles en aquest lloc web inclou contingut incrustat (p. ex., v\u00eddeos, imatges, articles, etc.). El contingut incrustat des d&#8217;altres llocs web es comporta exactament de la mateixa manera com si el visitant estigu\u00e9s visitant l&#8217;altre lloc web.<\/p>\n\n<p>Aquests llocs web poden recollir dades sobre vosaltres, utilitzar galetes, incrustar seguiment addicional de terceres parts, i monitorar la interacci\u00f3 amb el contingut incrustat, incloent-hi la tra\u00e7a de la interacci\u00f3 amb el contingut incrustat si teniu un compte i heu iniciat sessi\u00f3 en aquest lloc web.<\/p>\n\n<p>\u00a0<\/p>\n\n<h2 class=\"wp-block-heading\"><span style=\"color: #ffcc00;\">Quant de temps retenim les dades<\/span><\/h2>\n\n<p>Si deixeu un comentari, el comentari i les seves dades meta es retenen indefinidament. Aix\u00f2 \u00e9s per poder recon\u00e8ixer i aprovar autom\u00e0ticament qualsevol comentari de seguiment en lloc de mantenir-los en la cua de moderaci\u00f3.<\/p>\n\n<p>Per als usuaris que es registren en la web (si hi ha), tamb\u00e9 emmagatzemem la informaci\u00f3 personal que proporcionen al seu perfil d&#8217;usuari. Tots els usuaris poden veure, editar o suprimir la seva informaci\u00f3 personal en qualsevol moment (excepte que no poden canviar el seu nom d&#8217;usuari). Els administradors del lloc web poden tamb\u00e9 editar aquesta informaci\u00f3.<\/p>\n\n<h2 class=\"wp-block-heading\"><span style=\"color: #ffcc00;\">Quins drets teniu sobre les vostres dades<\/span><\/h2>\n\n<p>Si teniu un compte en aquest lloc web o hi heu deixat comentaris, podeu demanar que us enviem un fitxer d&#8217;exportaci\u00f3 de les vostres dades personals, incloent-hi totes les dades que ens h\u00e0geu proporcionat. Tamb\u00e9 podeu demanar que esborrem qualsevol dada personal vostra que tinguem. Aix\u00f2 no inclou les dades que estiguem obligats a conservar amb prop\u00f2sits administratius, legals o de seguretat.<\/p>\n\n<h2 class=\"wp-block-heading\"><span style=\"color: #ffcc00;\">On s&#8217;envien les vostres dades<\/span><\/h2>\n\n<p>Els comentaris dels visitants han de ser comprovats mitjan\u00e7ant un servei de detecci\u00f3 de brossa automatitzat.<\/p>\n\n<p>\u00a0<\/p>\n\t\t\t\t\t\t\t\t<\/div>\n\t\t\t\t<\/div>\n\t\t\t\t\t<\/div>\n\t\t\t\t<\/div>\n\t\t\t\t<\/div>","protected":false},"excerpt":{"rendered":"<p>Qui som La nostra adre\u00e7a web \u00e9s: https:\/\/californiacamper.cat. Comentaris Quan els visitants deixen comentaris a la web, recollim les dades que es mostren al formulari de contacte, aix\u00ed com l&#8217;adre\u00e7a IP del visitant i la cadena de l&#8217;agent de l&#8217;usuari del navegador per ajudar a la detecci\u00f3 de missatges brossa. \u00a0 M\u00e8dia Si pugeu imatges [&hellip;]<\/p>\n","protected":false},"author":1,"featured_media":0,"parent":0,"menu_order":0,"comment_status":"closed","ping_status":"closed","template":"","meta":{"site-sidebar-layout":"default","site-content-layout":"","ast-site-content-layout":"default","site-content-style":"default","site-sidebar-style":"default","ast-global-header-display":"","ast-banner-title-visibility":"","ast-main-header-display":"","ast-hfb-above-header-display":"","ast-hfb-below-header-display":"","ast-hfb-mobile-header-display":"","site-post-title":"","ast-breadcrumbs-content":"","ast-featured-img":"","footer-sml-layout":"","theme-transparent-header-meta":"","adv-header-id-meta":"","stick-header-meta":"","header-above-stick-meta":"","header-main-stick-meta":"","header-below-stick-meta":"","astra-migrate-meta-layouts":"set","ast-page-background-enabled":"default","ast-page-background-meta":{"desktop":{"background-color":"","background-image":"","background-repeat":"repeat","background-position":"center center","background-size":"auto","background-attachment":"scroll","background-type":"","background-media":"","overlay-type":"","overlay-color":"","overlay-opacity":"","overlay-gradient":""},"tablet":{"background-color":"","background-image":"","background-repeat":"repeat","background-position":"center center","background-size":"auto","background-attachment":"scroll","background-type":"","background-media":"","overlay-type":"","overlay-color":"","overlay-opacity":"","overlay-gradient":""},"mobile":{"background-color":"","background-image":"","background-repeat":"repeat","background-position":"center center","background-size":"auto","background-attachment":"scroll","background-type":"","background-media":"","overlay-type":"","overlay-color":"","overlay-opacity":"","overlay-gradient":""}},"ast-content-background-meta":{"desktop":{"background-color":"var(--ast-global-color-5)","background-image":"","background-repeat":"repeat","background-position":"center center","background-size":"auto","background-attachment":"scroll","background-type":"","background-media":"","overlay-type":"","overlay-color":"","overlay-opacity":"","overlay-gradient":""},"tablet":{"background-color":"var(--ast-global-color-5)","background-image":"","background-repeat":"repeat","background-position":"center center","background-size":"auto","background-attachment":"scroll","background-type":"","background-media":"","overlay-type":"","overlay-color":"","overlay-opacity":"","overlay-gradient":""},"mobile":{"background-color":"var(--ast-global-color-5)","background-image":"","background-repeat":"repeat","background-position":"center center","background-size":"auto","background-attachment":"scroll","background-type":"","background-media":"","overlay-type":"","overlay-color":"","overlay-opacity":"","overlay-gradient":""}},"footnotes":""},"class_list":["post-1723","page","type-page","status-publish","hentry"],"yoast_head":"<!-- This site is optimized with the Yoast SEO plugin v26.9 - https:\/\/yoast.com\/product\/yoast-seo-wordpress\/ -->\n<title>Pol\u00edtica de privadesa - California Camper | Lloguer de furgonetes camper<\/title>\n<meta name=\"robots\" content=\"index, follow, max-snippet:-1, max-image-preview:large, max-video-preview:-1\" \/>\n<link rel=\"canonical\" href=\"https:\/\/californiacamper.cat\/es\/politica-de-privadesa\/\" \/>\n<meta property=\"og:locale\" content=\"es_ES\" \/>\n<meta property=\"og:type\" content=\"article\" \/>\n<meta property=\"og:title\" content=\"Pol\u00edtica de privadesa - California Camper | Lloguer de furgonetes camper\" \/>\n<meta property=\"og:description\" content=\"Qui som La nostra adre\u00e7a web \u00e9s: https:\/\/californiacamper.cat. Comentaris Quan els visitants deixen comentaris a la web, recollim les dades que es mostren al formulari de contacte, aix\u00ed com l&#8217;adre\u00e7a IP del visitant i la cadena de l&#8217;agent de l&#8217;usuari del navegador per ajudar a la detecci\u00f3 de missatges brossa. \u00a0 M\u00e8dia Si pugeu imatges [&hellip;]\" \/>\n<meta property=\"og:url\" content=\"https:\/\/californiacamper.cat\/es\/politica-de-privadesa\/\" \/>\n<meta property=\"og:site_name\" content=\"California Camper | Lloguer de furgonetes camper\" \/>\n<meta property=\"article:modified_time\" content=\"2024-07-21T17:57:38+00:00\" \/>\n<meta name=\"twitter:card\" content=\"summary_large_image\" \/>\n<meta name=\"twitter:label1\" content=\"Tiempo de lectura\" \/>\n\t<meta name=\"twitter:data1\" content=\"3 minutos\" \/>\n<script type=\"application\/ld+json\" class=\"yoast-schema-graph\">{\"@context\":\"https:\/\/schema.org\",\"@graph\":[{\"@type\":\"WebPage\",\"@id\":\"https:\/\/californiacamper.cat\/politica-de-privadesa\/\",\"url\":\"https:\/\/californiacamper.cat\/politica-de-privadesa\/\",\"name\":\"Pol\u00edtica de privadesa - California Camper | Lloguer de furgonetes camper\",\"isPartOf\":{\"@id\":\"https:\/\/californiacamper.cat\/#website\"},\"datePublished\":\"2024-07-21T17:41:01+00:00\",\"dateModified\":\"2024-07-21T17:57:38+00:00\",\"breadcrumb\":{\"@id\":\"https:\/\/californiacamper.cat\/politica-de-privadesa\/#breadcrumb\"},\"inLanguage\":\"es\",\"potentialAction\":[{\"@type\":\"ReadAction\",\"target\":[\"https:\/\/californiacamper.cat\/politica-de-privadesa\/\"]}]},{\"@type\":\"BreadcrumbList\",\"@id\":\"https:\/\/californiacamper.cat\/politica-de-privadesa\/#breadcrumb\",\"itemListElement\":[{\"@type\":\"ListItem\",\"position\":1,\"name\":\"Home\",\"item\":\"https:\/\/californiacamper.cat\/\"},{\"@type\":\"ListItem\",\"position\":2,\"name\":\"Pol\u00edtica de privadesa\"}]},{\"@type\":\"WebSite\",\"@id\":\"https:\/\/californiacamper.cat\/#website\",\"url\":\"https:\/\/californiacamper.cat\/\",\"name\":\"California Camper | Lloguer de furgonetes camper\",\"description\":\"El teu company d&#039;aventures\",\"publisher\":{\"@id\":\"https:\/\/californiacamper.cat\/#organization\"},\"potentialAction\":[{\"@type\":\"SearchAction\",\"target\":{\"@type\":\"EntryPoint\",\"urlTemplate\":\"https:\/\/californiacamper.cat\/?s={search_term_string}\"},\"query-input\":{\"@type\":\"PropertyValueSpecification\",\"valueRequired\":true,\"valueName\":\"search_term_string\"}}],\"inLanguage\":\"es\"},{\"@type\":\"Organization\",\"@id\":\"https:\/\/californiacamper.cat\/#organization\",\"name\":\"California Camper | Lloguer de furgonetes camper\",\"url\":\"https:\/\/californiacamper.cat\/\",\"logo\":{\"@type\":\"ImageObject\",\"inLanguage\":\"es\",\"@id\":\"https:\/\/californiacamper.cat\/#\/schema\/logo\/image\/\",\"url\":\"https:\/\/californiacamper.cat\/wp-content\/uploads\/2024\/02\/cropped-cropped-Logo-CC-Blanc-SL-150x150-1.png\",\"contentUrl\":\"https:\/\/californiacamper.cat\/wp-content\/uploads\/2024\/02\/cropped-cropped-Logo-CC-Blanc-SL-150x150-1.png\",\"width\":128,\"height\":132,\"caption\":\"California Camper | Lloguer de furgonetes camper\"},\"image\":{\"@id\":\"https:\/\/californiacamper.cat\/#\/schema\/logo\/image\/\"}}]}<\/script>\n<!-- \/ Yoast SEO plugin. -->","yoast_head_json":{"title":"Pol\u00edtica de privadesa - California Camper | Lloguer de furgonetes camper","robots":{"index":"index","follow":"follow","max-snippet":"max-snippet:-1","max-image-preview":"max-image-preview:large","max-video-preview":"max-video-preview:-1"},"canonical":"https:\/\/californiacamper.cat\/es\/politica-de-privadesa\/","og_locale":"es_ES","og_type":"article","og_title":"Pol\u00edtica de privadesa - California Camper | Lloguer de furgonetes camper","og_description":"Qui som La nostra adre\u00e7a web \u00e9s: https:\/\/californiacamper.cat. Comentaris Quan els visitants deixen comentaris a la web, recollim les dades que es mostren al formulari de contacte, aix\u00ed com l&#8217;adre\u00e7a IP del visitant i la cadena de l&#8217;agent de l&#8217;usuari del navegador per ajudar a la detecci\u00f3 de missatges brossa. \u00a0 M\u00e8dia Si pugeu imatges [&hellip;]","og_url":"https:\/\/californiacamper.cat\/es\/politica-de-privadesa\/","og_site_name":"California Camper | Lloguer de furgonetes camper","article_modified_time":"2024-07-21T17:57:38+00:00","twitter_card":"summary_large_image","twitter_misc":{"Tiempo de lectura":"3 minutos"},"schema":{"@context":"https:\/\/schema.org","@graph":[{"@type":"WebPage","@id":"https:\/\/californiacamper.cat\/politica-de-privadesa\/","url":"https:\/\/californiacamper.cat\/politica-de-privadesa\/","name":"Pol\u00edtica de privadesa - California Camper | Lloguer de furgonetes camper","isPartOf":{"@id":"https:\/\/californiacamper.cat\/#website"},"datePublished":"2024-07-21T17:41:01+00:00","dateModified":"2024-07-21T17:57:38+00:00","breadcrumb":{"@id":"https:\/\/californiacamper.cat\/politica-de-privadesa\/#breadcrumb"},"inLanguage":"es","potentialAction":[{"@type":"ReadAction","target":["https:\/\/californiacamper.cat\/politica-de-privadesa\/"]}]},{"@type":"BreadcrumbList","@id":"https:\/\/californiacamper.cat\/politica-de-privadesa\/#breadcrumb","itemListElement":[{"@type":"ListItem","position":1,"name":"Home","item":"https:\/\/californiacamper.cat\/"},{"@type":"ListItem","position":2,"name":"Pol\u00edtica de privadesa"}]},{"@type":"WebSite","@id":"https:\/\/californiacamper.cat\/#website","url":"https:\/\/californiacamper.cat\/","name":"California Camper | Lloguer de furgonetes camper","description":"El teu company d&#039;aventures","publisher":{"@id":"https:\/\/californiacamper.cat\/#organization"},"potentialAction":[{"@type":"SearchAction","target":{"@type":"EntryPoint","urlTemplate":"https:\/\/californiacamper.cat\/?s={search_term_string}"},"query-input":{"@type":"PropertyValueSpecification","valueRequired":true,"valueName":"search_term_string"}}],"inLanguage":"es"},{"@type":"Organization","@id":"https:\/\/californiacamper.cat\/#organization","name":"California Camper | Lloguer de furgonetes camper","url":"https:\/\/californiacamper.cat\/","logo":{"@type":"ImageObject","inLanguage":"es","@id":"https:\/\/californiacamper.cat\/#\/schema\/logo\/image\/","url":"https:\/\/californiacamper.cat\/wp-content\/uploads\/2024\/02\/cropped-cropped-Logo-CC-Blanc-SL-150x150-1.png","contentUrl":"https:\/\/californiacamper.cat\/wp-content\/uploads\/2024\/02\/cropped-cropped-Logo-CC-Blanc-SL-150x150-1.png","width":128,"height":132,"caption":"California Camper | Lloguer de furgonetes camper"},"image":{"@id":"https:\/\/californiacamper.cat\/#\/schema\/logo\/image\/"}}]}},"_links":{"self":[{"href":"https:\/\/californiacamper.cat\/es\/wp-json\/wp\/v2\/pages\/1723","targetHints":{"allow":["GET"]}}],"collection":[{"href":"https:\/\/californiacamper.cat\/es\/wp-json\/wp\/v2\/pages"}],"about":[{"href":"https:\/\/californiacamper.cat\/es\/wp-json\/wp\/v2\/types\/page"}],"author":[{"embeddable":true,"href":"https:\/\/californiacamper.cat\/es\/wp-json\/wp\/v2\/users\/1"}],"replies":[{"embeddable":true,"href":"https:\/\/californiacamper.cat\/es\/wp-json\/wp\/v2\/comments?post=1723"}],"version-history":[{"count":12,"href":"https:\/\/californiacamper.cat\/es\/wp-json\/wp\/v2\/pages\/1723\/revisions"}],"predecessor-version":[{"id":1737,"href":"https:\/\/californiacamper.cat\/es\/wp-json\/wp\/v2\/pages\/1723\/revisions\/1737"}],"wp:attachment":[{"href":"https:\/\/californiacamper.cat\/es\/wp-json\/wp\/v2\/media?parent=1723"}],"curies":[{"name":"wp","href":"https:\/\/api.w.org\/{rel}","templated":true}]}}