{"id":1224,"date":"2024-01-17T21:25:24","date_gmt":"2024-01-17T20:25:24","guid":{"rendered":"https:\/\/localhost\/happycamper\/campers-list\/"},"modified":"2025-02-02T16:07:03","modified_gmt":"2025-02-02T15:07:03","slug":"campers-list","status":"publish","type":"page","link":"https:\/\/californiacamper.cat\/es\/campers-list\/","title":{"rendered":"Campers List"},"content":{"rendered":"<div class=\"wrap plugin-container\">\n\n\t\n\t\n\t<h3 class=\"vrc-main-title\">California Camper<\/h3><div class=\"vrc-search-results-block vrc-search-results-block-list\">\r\n\r\n\t<div class=\"car_result\">\r\n\t\t<div class=\"vrc-car-result-left\">\r\n\t\t\t\t\t<img decoding=\"async\" class=\"imgresult\" alt=\"VW California Beach\" src=\"https:\/\/californiacamper.cat\/wp-content\/plugins\/vikrentcar\/admin\/resources\/vthumb_1outdoot.png\"\/>\r\n\t\t\t\t\t<\/div>\r\n\t\t<div class=\"vrc-car-result-right\">\r\n\t\t\t<div class=\"vrc-car-result-rightinner\">\r\n\t\t\t\t<div class=\"vrc-car-result-rightinner-deep\">\r\n\t\t\t\t\t<div class=\"vrc-car-result-inner\">\r\n\t\t\t\t\t\t<h4 class=\"vrc-car-name\">\r\n\t\t\t\t\t\t\t<a href=\"https:\/\/californiacamper.cat\/es\/campers-list\/?option=com_vikrentcar&amp;view=cardetails&amp;carid=7\">VW California Beach<\/a>\r\n\t\t\t\t\t\t<\/h4>\r\n\t\t\t\t\t\t\t\t\t\t\t<div class=\"vrc-car-result-description\">\r\n\t\t\t\t\t\tCalifornia Beach \u00e9s ideal quan necessites cinc places o si vols un llit inferior m\u00e9s ampli. Ofereix tot el que necessites per gaudir d\u2019una gran aventura.\t\t\t\t\t\t<\/div>\r\n\t\t\t\t\t\t\t\t\t\t\t\t\t<div class=\"vrc-car-characteristics\">\r\n\t\t\t\t\t\t\t\t<div class=\"vrccaratsdiv\"><div class=\"vrccarcarat\"><span class=\"vrc-carat-cont\">Cinc places (3 ISOFix)<\/span>\n<\/div><div class=\"vrccarcarat\"><span class=\"vrc-carat-cont\">Sostre elevable manual<\/span>\n<\/div><div class=\"vrccarcarat\"><span class=\"vrc-carat-cont\">Llit superior 120x200 cm<\/span>\n<\/div><div class=\"vrccarcarat\"><span class=\"vrc-carat-cont\">Llit inferior 150x183 cm<\/span>\n<\/div><div class=\"vrccarcarat\"><span class=\"vrc-carat-cont\">Cortines de privacitat<\/span>\n<\/div><div class=\"vrccarcarat\"><span class=\"vrc-carat-cont\">Calefacci\u00f3 estacionaria programable<\/span>\n<\/div><div class=\"vrccarcarat\"><span class=\"vrc-carat-cont\">Seients davanters giratoris<\/span>\n<\/div><div class=\"vrccarcarat\"><span class=\"vrc-carat-cont\">Taula desplegable interior<\/span>\n<\/div><div class=\"vrccarcarat\"><span class=\"vrc-carat-cont\">Nevera<\/span>\n<\/div><div class=\"vrccarcarat\"><span class=\"vrc-carat-cont\">Fogons<\/span>\n<\/div><div class=\"vrccarcarat\"><span class=\"vrc-carat-cont\">Pica<\/span>\n<\/div><div class=\"vrccarcarat\"><span class=\"vrc-carat-cont\">Tendal exterior 260x200 cm<\/span>\n<\/div><div class=\"vrccarcarat\"><span class=\"vrc-carat-cont\">Taula exterior i dues cadires<\/span>\n<\/div><div class=\"vrccarcarat\"><span class=\"vrc-carat-cont\">Ducha exterior<\/span>\n<\/div><div class=\"vrccarcarat\"><span class=\"vrc-carat-cont\">Doble bateria amb indicador de carrega<\/span>\n<\/div><div class=\"vrccarcarat\"><span class=\"vrc-carat-cont\">Connexi\u00f3 220V camping<\/span>\n<\/div><div class=\"vrccarcarat\"><span class=\"vrc-carat-cont\">Endoll est\u00e0ndar fins a 250W<\/span>\n<\/div><div class=\"vrccarcarat\"><span class=\"vrc-carat-cont\">Endoll est\u00e0ndar fins a 2000W amb alimentaci\u00f3 externa<\/span>\n<\/div><div class=\"vrccarcarat\"><span class=\"vrc-carat-cont\">Sensors de parking i camara marxa enrera<\/span>\n<\/div><div class=\"vrccarcarat\"><span class=\"vrc-carat-cont\">Aire condicionat tri-zona<\/span>\n<\/div><div class=\"vrccarcarat\"><span class=\"vrc-carat-cont\">Android Auto \/ Apple CarPlay<\/span>\n<\/div><div class=\"vrccarcarat\"><span class=\"vrc-carat-cont\">Llums autom\u00e0tiques<\/span>\n<\/div><div class=\"vrccarcarat\"><span class=\"vrc-carat-cont\">Control de creuer<\/span>\n<\/div><div class=\"vrccarcarat\"><span class=\"vrc-carat-cont\">350 km\/dia<\/span>\n<\/div><\/div>\n\t\t\t\t\t\t\t<\/div>\r\n\t\t\t\t\t\t\t\t\t\t\t\t<\/div>\r\n\t\t\t\t\t<div class=\"vrc-car-lastblock\">\r\n\t\t\t\t\t\t<div class=\"vrc-car-price\">\r\n\t\t\t\t\t\t\t<div class=\"vrcsrowpricediv\">\r\n\t\t\t\t\t\t\t\t\t\t\t\t\t\t\t<span class=\"vrcstartfrom\">A partir de<\/span>\r\n\t\t\t\t\t\t\t\t<span class=\"car_cost\"><span class=\"vrc_currency\">\u20ac<\/span> <span class=\"vrc_price\">140.00<\/span><\/span>\r\n\t\t\t\t\t\t\t\t\t\t\t\t\t\t<\/div>\r\n\t\t\t\t\t\t<\/div>\r\n\t\t\t\t\t\t<div class=\"vrc-car-bookingbtn\">\r\n\t\t\t\t\t\t\t<span class=\"vrclistgoon\"><a class=\"btn vrc-pref-color-btn\" href=\"https:\/\/californiacamper.cat\/es\/campers-list\/?option=com_vikrentcar&amp;view=cardetails&amp;carid=7\">Ver detalles<\/a><\/span>\r\n\t\t\t\t\t\t<\/div>\r\n\t\t\t\t\t<\/div>\r\n\t\t\t\t<\/div>\r\n\t\t\t<\/div>\r\n\t\t<\/div>\r\n\t<\/div>\r\n\t\t<div class=\"car_result\">\r\n\t\t<div class=\"vrc-car-result-left\">\r\n\t\t\t\t\t<img decoding=\"async\" class=\"imgresult\" alt=\"VW California Ocean\" src=\"https:\/\/californiacamper.cat\/wp-content\/plugins\/vikrentcar\/admin\/resources\/vthumb_4ocean.png\"\/>\r\n\t\t\t\t\t<\/div>\r\n\t\t<div class=\"vrc-car-result-right\">\r\n\t\t\t<div class=\"vrc-car-result-rightinner\">\r\n\t\t\t\t<div class=\"vrc-car-result-rightinner-deep\">\r\n\t\t\t\t\t<div class=\"vrc-car-result-inner\">\r\n\t\t\t\t\t\t<h4 class=\"vrc-car-name\">\r\n\t\t\t\t\t\t\t<a href=\"https:\/\/californiacamper.cat\/es\/campers-list\/?option=com_vikrentcar&amp;view=cardetails&amp;carid=6\">VW California Ocean<\/a>\r\n\t\t\t\t\t\t<\/h4>\r\n\t\t\t\t\t\t\t\t\t\t\t<div class=\"vrc-car-result-description\">\r\n\t\t\t\t\t\tCalifornia Ocean \u00e9s la referencia dins de les furgonetes camper. Completament equipada de serie et far\u00e0 viure la millor experiencia. \t\t\t\t\t\t<\/div>\r\n\t\t\t\t\t\t\t\t\t\t\t\t\t<div class=\"vrc-car-characteristics\">\r\n\t\t\t\t\t\t\t\t<div class=\"vrccaratsdiv\"><div class=\"vrccarcarat\"><span class=\"vrc-carat-cont\">Quatre places (2 ISOFix)<\/span>\n<\/div><div class=\"vrccarcarat\"><span class=\"vrc-carat-cont\">Sostre elevable el\u00e8ctricament<\/span>\n<\/div><div class=\"vrccarcarat\"><span class=\"vrc-carat-cont\">Llit superior 120x200 cm<\/span>\n<\/div><div class=\"vrccarcarat\"><span class=\"vrc-carat-cont\">Llit inferior 114x200 cm<\/span>\n<\/div><div class=\"vrccarcarat\"><span class=\"vrc-carat-cont\">Cortines de privacitat<\/span>\n<\/div><div class=\"vrccarcarat\"><span class=\"vrc-carat-cont\">Calefacci\u00f3 estacionaria programable<\/span>\n<\/div><div class=\"vrccarcarat\"><span class=\"vrc-carat-cont\">Seients davanters giratoris<\/span>\n<\/div><div class=\"vrccarcarat\"><span class=\"vrc-carat-cont\">Taula desplegable interior<\/span>\n<\/div><div class=\"vrccarcarat\"><span class=\"vrc-carat-cont\">Nevera<\/span>\n<\/div><div class=\"vrccarcarat\"><span class=\"vrc-carat-cont\">Fogons<\/span>\n<\/div><div class=\"vrccarcarat\"><span class=\"vrc-carat-cont\">Pica<\/span>\n<\/div><div class=\"vrccarcarat\"><span class=\"vrc-carat-cont\">Tendal exterior 260x200 cm<\/span>\n<\/div><div class=\"vrccarcarat\"><span class=\"vrc-carat-cont\">Taula exterior i dues cadires<\/span>\n<\/div><div class=\"vrccarcarat\"><span class=\"vrc-carat-cont\">Ducha exterior<\/span>\n<\/div><div class=\"vrccarcarat\"><span class=\"vrc-carat-cont\">Doble bateria amb indicador de carrega<\/span>\n<\/div><div class=\"vrccarcarat\"><span class=\"vrc-carat-cont\">Connexi\u00f3 220V camping<\/span>\n<\/div><div class=\"vrccarcarat\"><span class=\"vrc-carat-cont\">Endoll est\u00e0ndar fins a 250W<\/span>\n<\/div><div class=\"vrccarcarat\"><span class=\"vrc-carat-cont\">Endoll est\u00e0ndar fins a 2000W amb alimentaci\u00f3 externa<\/span>\n<\/div><div class=\"vrccarcarat\"><span class=\"vrc-carat-cont\">Sensors de parking i camara marxa enrera<\/span>\n<\/div><div class=\"vrccarcarat\"><span class=\"vrc-carat-cont\">Aire condicionat tri-zona<\/span>\n<\/div><div class=\"vrccarcarat\"><span class=\"vrc-carat-cont\">Android Auto \/ Apple CarPlay<\/span>\n<\/div><div class=\"vrccarcarat\"><span class=\"vrc-carat-cont\">Llums autom\u00e0tiques<\/span>\n<\/div><div class=\"vrccarcarat\"><span class=\"vrc-carat-cont\">Control de creuer<\/span>\n<\/div><div class=\"vrccarcarat\"><span class=\"vrc-carat-cont\">350 km\/dia<\/span>\n<\/div><\/div>\n\t\t\t\t\t\t\t<\/div>\r\n\t\t\t\t\t\t\t\t\t\t\t\t<\/div>\r\n\t\t\t\t\t<div class=\"vrc-car-lastblock\">\r\n\t\t\t\t\t\t<div class=\"vrc-car-price\">\r\n\t\t\t\t\t\t\t<div class=\"vrcsrowpricediv\">\r\n\t\t\t\t\t\t\t\t\t\t\t\t\t\t\t<span class=\"vrcstartfrom\">A partir de<\/span>\r\n\t\t\t\t\t\t\t\t<span class=\"car_cost\"><span class=\"vrc_currency\">\u20ac<\/span> <span class=\"vrc_price\">150.00<\/span><\/span>\r\n\t\t\t\t\t\t\t\t\t\t\t\t\t\t<\/div>\r\n\t\t\t\t\t\t<\/div>\r\n\t\t\t\t\t\t<div class=\"vrc-car-bookingbtn\">\r\n\t\t\t\t\t\t\t<span class=\"vrclistgoon\"><a class=\"btn vrc-pref-color-btn\" href=\"https:\/\/californiacamper.cat\/es\/campers-list\/?option=com_vikrentcar&amp;view=cardetails&amp;carid=6\">Ver detalles<\/a><\/span>\r\n\t\t\t\t\t\t<\/div>\r\n\t\t\t\t\t<\/div>\r\n\t\t\t\t<\/div>\r\n\t\t\t<\/div>\r\n\t\t<\/div>\r\n\t<\/div>\r\n\t\t<div class=\"car_result\">\r\n\t\t<div class=\"vrc-car-result-left\">\r\n\t\t\t\t\t<img decoding=\"async\" class=\"imgresult\" alt=\"VW California Ocean DSG\" src=\"https:\/\/californiacamper.cat\/wp-content\/plugins\/vikrentcar\/admin\/resources\/vthumb_4ocean.png\"\/>\r\n\t\t\t\t\t<\/div>\r\n\t\t<div class=\"vrc-car-result-right\">\r\n\t\t\t<div class=\"vrc-car-result-rightinner\">\r\n\t\t\t\t<div class=\"vrc-car-result-rightinner-deep\">\r\n\t\t\t\t\t<div class=\"vrc-car-result-inner\">\r\n\t\t\t\t\t\t<h4 class=\"vrc-car-name\">\r\n\t\t\t\t\t\t\t<a href=\"https:\/\/californiacamper.cat\/es\/campers-list\/?option=com_vikrentcar&amp;view=cardetails&amp;carid=10\">VW California Ocean DSG<\/a>\r\n\t\t\t\t\t\t<\/h4>\r\n\t\t\t\t\t\t\t\t\t\t\t<div class=\"vrc-car-result-description\">\r\n\t\t\t\t\t\tLa nostra California Ocean ara disponible amb canvi autom\u00e0tic, m\u00e9s comoda que mai. Completament equipada de serie et far\u00e0 viure la millor experiencia. \t\t\t\t\t\t<\/div>\r\n\t\t\t\t\t\t\t\t\t\t\t\t\t<div class=\"vrc-car-characteristics\">\r\n\t\t\t\t\t\t\t\t<div class=\"vrccaratsdiv\"><div class=\"vrccarcarat\"><span class=\"vrc-carat-cont\">Canvi autom\u00e0tic<\/span>\n<\/div><div class=\"vrccarcarat\"><span class=\"vrc-carat-cont\">Quatre places (2 ISOFix)<\/span>\n<\/div><div class=\"vrccarcarat\"><span class=\"vrc-carat-cont\">Sostre elevable el\u00e8ctricament<\/span>\n<\/div><div class=\"vrccarcarat\"><span class=\"vrc-carat-cont\">Llit superior 120x200 cm<\/span>\n<\/div><div class=\"vrccarcarat\"><span class=\"vrc-carat-cont\">Llit inferior 114x200 cm<\/span>\n<\/div><div class=\"vrccarcarat\"><span class=\"vrc-carat-cont\">Cortines de privacitat<\/span>\n<\/div><div class=\"vrccarcarat\"><span class=\"vrc-carat-cont\">Calefacci\u00f3 estacionaria programable<\/span>\n<\/div><div class=\"vrccarcarat\"><span class=\"vrc-carat-cont\">Seients davanters giratoris<\/span>\n<\/div><div class=\"vrccarcarat\"><span class=\"vrc-carat-cont\">Taula desplegable interior<\/span>\n<\/div><div class=\"vrccarcarat\"><span class=\"vrc-carat-cont\">Nevera<\/span>\n<\/div><div class=\"vrccarcarat\"><span class=\"vrc-carat-cont\">Fogons<\/span>\n<\/div><div class=\"vrccarcarat\"><span class=\"vrc-carat-cont\">Pica<\/span>\n<\/div><div class=\"vrccarcarat\"><span class=\"vrc-carat-cont\">Tendal exterior 260x200 cm<\/span>\n<\/div><div class=\"vrccarcarat\"><span class=\"vrc-carat-cont\">Taula exterior i dues cadires<\/span>\n<\/div><div class=\"vrccarcarat\"><span class=\"vrc-carat-cont\">Ducha exterior<\/span>\n<\/div><div class=\"vrccarcarat\"><span class=\"vrc-carat-cont\">Doble bateria amb indicador de carrega<\/span>\n<\/div><div class=\"vrccarcarat\"><span class=\"vrc-carat-cont\">Connexi\u00f3 220V camping<\/span>\n<\/div><div class=\"vrccarcarat\"><span class=\"vrc-carat-cont\">Endoll est\u00e0ndar fins a 250W<\/span>\n<\/div><div class=\"vrccarcarat\"><span class=\"vrc-carat-cont\">Endoll est\u00e0ndar fins a 2000W amb alimentaci\u00f3 externa<\/span>\n<\/div><div class=\"vrccarcarat\"><span class=\"vrc-carat-cont\">Sensors de parking i camara marxa enrera<\/span>\n<\/div><div class=\"vrccarcarat\"><span class=\"vrc-carat-cont\">Aire condicionat tri-zona<\/span>\n<\/div><div class=\"vrccarcarat\"><span class=\"vrc-carat-cont\">Android Auto \/ Apple CarPlay<\/span>\n<\/div><div class=\"vrccarcarat\"><span class=\"vrc-carat-cont\">Llums autom\u00e0tiques<\/span>\n<\/div><div class=\"vrccarcarat\"><span class=\"vrc-carat-cont\">Control de creuer<\/span>\n<\/div><div class=\"vrccarcarat\"><span class=\"vrc-carat-cont\">350 km\/dia<\/span>\n<\/div><\/div>\n\t\t\t\t\t\t\t<\/div>\r\n\t\t\t\t\t\t\t\t\t\t\t\t<\/div>\r\n\t\t\t\t\t<div class=\"vrc-car-lastblock\">\r\n\t\t\t\t\t\t<div class=\"vrc-car-price\">\r\n\t\t\t\t\t\t\t<div class=\"vrcsrowpricediv\">\r\n\t\t\t\t\t\t\t\t\t\t\t\t\t\t\t<span class=\"vrcstartfrom\">A partir de<\/span>\r\n\t\t\t\t\t\t\t\t<span class=\"car_cost\"><span class=\"vrc_currency\">\u20ac<\/span> <span class=\"vrc_price\">150.00<\/span><\/span>\r\n\t\t\t\t\t\t\t\t\t\t\t\t\t\t<\/div>\r\n\t\t\t\t\t\t<\/div>\r\n\t\t\t\t\t\t<div class=\"vrc-car-bookingbtn\">\r\n\t\t\t\t\t\t\t<span class=\"vrclistgoon\"><a class=\"btn vrc-pref-color-btn\" href=\"https:\/\/californiacamper.cat\/es\/campers-list\/?option=com_vikrentcar&amp;view=cardetails&amp;carid=10\">Ver detalles<\/a><\/span>\r\n\t\t\t\t\t\t<\/div>\r\n\t\t\t\t\t<\/div>\r\n\t\t\t\t<\/div>\r\n\t\t\t<\/div>\r\n\t\t<\/div>\r\n\t<\/div>\r\n\t<\/div>\r\n\r\n<script type=\"text\/javascript\">\r\njQuery(function() {\r\n\tif (jQuery('.car_result').length) {\r\n\t\tjQuery('.car_result').each(function() {\r\n\t\t\tvar car_img = jQuery(this).find('.vrc-car-result-left').find('img');\r\n\t\t\tif (car_img.length) {\r\n\t\t\t\tjQuery(this).find('.vrc-car-result-right').find('.vrc-car-result-rightinner').find('.vrc-car-result-rightinner-deep').find('.vrc-car-result-inner').css('min-height', car_img.height()+'px');\r\n\t\t\t}\r\n\t\t});\r\n\t};\r\n});\r\n<\/script>\r\n\n<\/div>","protected":false},"excerpt":{"rendered":"","protected":false},"author":1,"featured_media":0,"parent":0,"menu_order":0,"comment_status":"closed","ping_status":"closed","template":"","meta":{"site-sidebar-layout":"default","site-content-layout":"","ast-site-content-layout":"","site-content-style":"default","site-sidebar-style":"default","ast-global-header-display":"","ast-banner-title-visibility":"","ast-main-header-display":"","ast-hfb-above-header-display":"","ast-hfb-below-header-display":"","ast-hfb-mobile-header-display":"","site-post-title":"","ast-breadcrumbs-content":"","ast-featured-img":"","footer-sml-layout":"","theme-transparent-header-meta":"","adv-header-id-meta":"","stick-header-meta":"","header-above-stick-meta":"","header-main-stick-meta":"","header-below-stick-meta":"","astra-migrate-meta-layouts":"default","ast-page-background-enabled":"default","ast-page-background-meta":{"desktop":{"background-color":"","background-image":"","background-repeat":"repeat","background-position":"center center","background-size":"auto","background-attachment":"scroll","background-type":"","background-media":"","overlay-type":"","overlay-color":"","overlay-opacity":"","overlay-gradient":""},"tablet":{"background-color":"","background-image":"","background-repeat":"repeat","background-position":"center center","background-size":"auto","background-attachment":"scroll","background-type":"","background-media":"","overlay-type":"","overlay-color":"","overlay-opacity":"","overlay-gradient":""},"mobile":{"background-color":"","background-image":"","background-repeat":"repeat","background-position":"center center","background-size":"auto","background-attachment":"scroll","background-type":"","background-media":"","overlay-type":"","overlay-color":"","overlay-opacity":"","overlay-gradient":""}},"ast-content-background-meta":{"desktop":{"background-color":"var(--ast-global-color-5)","background-image":"","background-repeat":"repeat","background-position":"center center","background-size":"auto","background-attachment":"scroll","background-type":"","background-media":"","overlay-type":"","overlay-color":"","overlay-opacity":"","overlay-gradient":""},"tablet":{"background-color":"var(--ast-global-color-5)","background-image":"","background-repeat":"repeat","background-position":"center center","background-size":"auto","background-attachment":"scroll","background-type":"","background-media":"","overlay-type":"","overlay-color":"","overlay-opacity":"","overlay-gradient":""},"mobile":{"background-color":"var(--ast-global-color-5)","background-image":"","background-repeat":"repeat","background-position":"center center","background-size":"auto","background-attachment":"scroll","background-type":"","background-media":"","overlay-type":"","overlay-color":"","overlay-opacity":"","overlay-gradient":""}},"footnotes":""},"class_list":["post-1224","page","type-page","status-publish","hentry"],"yoast_head":"<!-- This site is optimized with the Yoast SEO plugin v26.9 - https:\/\/yoast.com\/product\/yoast-seo-wordpress\/ -->\n<title>Campers List - California Camper | Lloguer de furgonetes camper<\/title>\n<meta name=\"robots\" content=\"index, follow, max-snippet:-1, max-image-preview:large, max-video-preview:-1\" \/>\n<link rel=\"canonical\" href=\"https:\/\/californiacamper.cat\/es\/campers-list\/\" \/>\n<meta property=\"og:locale\" content=\"es_ES\" \/>\n<meta property=\"og:type\" content=\"article\" \/>\n<meta property=\"og:title\" content=\"Campers List - California Camper | Lloguer de furgonetes camper\" \/>\n<meta property=\"og:url\" content=\"https:\/\/californiacamper.cat\/es\/campers-list\/\" \/>\n<meta property=\"og:site_name\" content=\"California Camper | Lloguer de furgonetes camper\" \/>\n<meta property=\"article:modified_time\" content=\"2025-02-02T15:07:03+00:00\" \/>\n<meta name=\"twitter:card\" content=\"summary_large_image\" \/>\n<script type=\"application\/ld+json\" class=\"yoast-schema-graph\">{\"@context\":\"https:\/\/schema.org\",\"@graph\":[{\"@type\":\"WebPage\",\"@id\":\"https:\/\/californiacamper.cat\/campers-list\/\",\"url\":\"https:\/\/californiacamper.cat\/campers-list\/\",\"name\":\"Campers List - California Camper | Lloguer de furgonetes camper\",\"isPartOf\":{\"@id\":\"https:\/\/californiacamper.cat\/#website\"},\"datePublished\":\"2024-01-17T20:25:24+00:00\",\"dateModified\":\"2025-02-02T15:07:03+00:00\",\"breadcrumb\":{\"@id\":\"https:\/\/californiacamper.cat\/campers-list\/#breadcrumb\"},\"inLanguage\":\"es\",\"potentialAction\":[{\"@type\":\"ReadAction\",\"target\":[\"https:\/\/californiacamper.cat\/campers-list\/\"]}]},{\"@type\":\"BreadcrumbList\",\"@id\":\"https:\/\/californiacamper.cat\/campers-list\/#breadcrumb\",\"itemListElement\":[{\"@type\":\"ListItem\",\"position\":1,\"name\":\"Home\",\"item\":\"https:\/\/californiacamper.cat\/\"},{\"@type\":\"ListItem\",\"position\":2,\"name\":\"Campers List\"}]},{\"@type\":\"WebSite\",\"@id\":\"https:\/\/californiacamper.cat\/#website\",\"url\":\"https:\/\/californiacamper.cat\/\",\"name\":\"California Camper | Lloguer de furgonetes camper\",\"description\":\"El teu company d&#039;aventures\",\"publisher\":{\"@id\":\"https:\/\/californiacamper.cat\/#organization\"},\"potentialAction\":[{\"@type\":\"SearchAction\",\"target\":{\"@type\":\"EntryPoint\",\"urlTemplate\":\"https:\/\/californiacamper.cat\/?s={search_term_string}\"},\"query-input\":{\"@type\":\"PropertyValueSpecification\",\"valueRequired\":true,\"valueName\":\"search_term_string\"}}],\"inLanguage\":\"es\"},{\"@type\":\"Organization\",\"@id\":\"https:\/\/californiacamper.cat\/#organization\",\"name\":\"California Camper | Lloguer de furgonetes camper\",\"url\":\"https:\/\/californiacamper.cat\/\",\"logo\":{\"@type\":\"ImageObject\",\"inLanguage\":\"es\",\"@id\":\"https:\/\/californiacamper.cat\/#\/schema\/logo\/image\/\",\"url\":\"https:\/\/californiacamper.cat\/wp-content\/uploads\/2024\/02\/cropped-cropped-Logo-CC-Blanc-SL-150x150-1.png\",\"contentUrl\":\"https:\/\/californiacamper.cat\/wp-content\/uploads\/2024\/02\/cropped-cropped-Logo-CC-Blanc-SL-150x150-1.png\",\"width\":128,\"height\":132,\"caption\":\"California Camper | Lloguer de furgonetes camper\"},\"image\":{\"@id\":\"https:\/\/californiacamper.cat\/#\/schema\/logo\/image\/\"}}]}<\/script>\n<!-- \/ Yoast SEO plugin. -->","yoast_head_json":{"title":"Campers List - California Camper | Lloguer de furgonetes camper","robots":{"index":"index","follow":"follow","max-snippet":"max-snippet:-1","max-image-preview":"max-image-preview:large","max-video-preview":"max-video-preview:-1"},"canonical":"https:\/\/californiacamper.cat\/es\/campers-list\/","og_locale":"es_ES","og_type":"article","og_title":"Campers List - California Camper | Lloguer de furgonetes camper","og_url":"https:\/\/californiacamper.cat\/es\/campers-list\/","og_site_name":"California Camper | Lloguer de furgonetes camper","article_modified_time":"2025-02-02T15:07:03+00:00","twitter_card":"summary_large_image","schema":{"@context":"https:\/\/schema.org","@graph":[{"@type":"WebPage","@id":"https:\/\/californiacamper.cat\/campers-list\/","url":"https:\/\/californiacamper.cat\/campers-list\/","name":"Campers List - California Camper | Lloguer de furgonetes camper","isPartOf":{"@id":"https:\/\/californiacamper.cat\/#website"},"datePublished":"2024-01-17T20:25:24+00:00","dateModified":"2025-02-02T15:07:03+00:00","breadcrumb":{"@id":"https:\/\/californiacamper.cat\/campers-list\/#breadcrumb"},"inLanguage":"es","potentialAction":[{"@type":"ReadAction","target":["https:\/\/californiacamper.cat\/campers-list\/"]}]},{"@type":"BreadcrumbList","@id":"https:\/\/californiacamper.cat\/campers-list\/#breadcrumb","itemListElement":[{"@type":"ListItem","position":1,"name":"Home","item":"https:\/\/californiacamper.cat\/"},{"@type":"ListItem","position":2,"name":"Campers List"}]},{"@type":"WebSite","@id":"https:\/\/californiacamper.cat\/#website","url":"https:\/\/californiacamper.cat\/","name":"California Camper | Lloguer de furgonetes camper","description":"El teu company d&#039;aventures","publisher":{"@id":"https:\/\/californiacamper.cat\/#organization"},"potentialAction":[{"@type":"SearchAction","target":{"@type":"EntryPoint","urlTemplate":"https:\/\/californiacamper.cat\/?s={search_term_string}"},"query-input":{"@type":"PropertyValueSpecification","valueRequired":true,"valueName":"search_term_string"}}],"inLanguage":"es"},{"@type":"Organization","@id":"https:\/\/californiacamper.cat\/#organization","name":"California Camper | Lloguer de furgonetes camper","url":"https:\/\/californiacamper.cat\/","logo":{"@type":"ImageObject","inLanguage":"es","@id":"https:\/\/californiacamper.cat\/#\/schema\/logo\/image\/","url":"https:\/\/californiacamper.cat\/wp-content\/uploads\/2024\/02\/cropped-cropped-Logo-CC-Blanc-SL-150x150-1.png","contentUrl":"https:\/\/californiacamper.cat\/wp-content\/uploads\/2024\/02\/cropped-cropped-Logo-CC-Blanc-SL-150x150-1.png","width":128,"height":132,"caption":"California Camper | Lloguer de furgonetes camper"},"image":{"@id":"https:\/\/californiacamper.cat\/#\/schema\/logo\/image\/"}}]}},"_links":{"self":[{"href":"https:\/\/californiacamper.cat\/es\/wp-json\/wp\/v2\/pages\/1224","targetHints":{"allow":["GET"]}}],"collection":[{"href":"https:\/\/californiacamper.cat\/es\/wp-json\/wp\/v2\/pages"}],"about":[{"href":"https:\/\/californiacamper.cat\/es\/wp-json\/wp\/v2\/types\/page"}],"author":[{"embeddable":true,"href":"https:\/\/californiacamper.cat\/es\/wp-json\/wp\/v2\/users\/1"}],"replies":[{"embeddable":true,"href":"https:\/\/californiacamper.cat\/es\/wp-json\/wp\/v2\/comments?post=1224"}],"version-history":[{"count":1,"href":"https:\/\/californiacamper.cat\/es\/wp-json\/wp\/v2\/pages\/1224\/revisions"}],"predecessor-version":[{"id":2187,"href":"https:\/\/californiacamper.cat\/es\/wp-json\/wp\/v2\/pages\/1224\/revisions\/2187"}],"wp:attachment":[{"href":"https:\/\/californiacamper.cat\/es\/wp-json\/wp\/v2\/media?parent=1224"}],"curies":[{"name":"wp","href":"https:\/\/api.w.org\/{rel}","templated":true}]}}